{"id":4815,"date":"2025-08-07T10:06:00","date_gmt":"2025-08-07T10:06:00","guid":{"rendered":"https:\/\/arimunani.com\/?page_id=4815"},"modified":"2025-10-13T15:04:33","modified_gmt":"2025-10-13T15:04:33","slug":"politica-de-privacitat","status":"publish","type":"page","link":"https:\/\/arimunani.com\/ca\/politica-de-privacitat\/","title":{"rendered":"Pol\u00edtica de privacitat"},"content":{"rendered":"\t\t<div data-elementor-type=\"wp-page\" data-elementor-id=\"4815\" class=\"elementor elementor-4815 elementor-279\" data-elementor-post-type=\"page\">\n\t\t\t\t<div class=\"elementor-element elementor-element-3202369b e-flex e-con-boxed parallax_section_no qode_elementor_container_no e-con e-parent\" data-id=\"3202369b\" data-element_type=\"container\">\n\t\t\t\t\t<div class=\"e-con-inner\">\n\t\t\t\t<div class=\"elementor-element elementor-element-f2f020d elementor-widget elementor-widget-heading\" data-id=\"f2f020d\" data-element_type=\"widget\" data-widget_type=\"heading.default\">\n\t\t\t\t<div class=\"elementor-widget-container\">\n\t\t\t\t\t<h2 class=\"elementor-heading-title elementor-size-default\">Pol\u00edtica de privacitat<\/h2>\t\t\t\t<\/div>\n\t\t\t\t<\/div>\n\t\t\t\t<div class=\"elementor-element elementor-element-62d1d891 elementor-widget elementor-widget-text-editor\" data-id=\"62d1d891\" data-element_type=\"widget\" data-widget_type=\"text-editor.default\">\n\t\t\t\t<div class=\"elementor-widget-container\">\n\t\t\t\t\t\t\t\t\t<p class=\"wp-block-heading\">Aquesta pol\u00edtica de privacitat s&#8217;aplica a la present web (la web, d&#8217;ara endavant).<br>\n  <br>\n<\/p><p> <\/p><p>Si us plau, llegeixi-la detingudament. En ella trobar\u00e0 informaci\u00f3 important sobre el tractament de les seves dades personals i els drets que li reconeix la normativa vigent en la mat\u00e8ria.<br>\n  <br>\n <\/p><p> <\/p><p>Ens reservem el dret d&#8217;actualitzar la nostra pol\u00edtica de privacitat en qualsevol moment amb motiu de decisions empresarials, aix\u00ed com per a complir amb eventuals canvis legislatius o jurisprudencials. Si t\u00e9 dubtes o necessita qualsevol aclariment respecte a la nostra Pol\u00edtica de privacitat o als seus drets, pot contactar amb nosaltres a trav\u00e9s dels canals que s&#8217;indiquen m\u00e9s a baix.<br>\n  <br>\n <\/p><p> <\/p><p>Vost\u00e8 manifesta que les dades que ens faciliti, ara o en el futur, s\u00f3n correctes i vera\u00e7os i es compromet a comunicar-nos qualsevol modificaci\u00f3 d&#8217;aquests. En cas de proporcionar dades de car\u00e0cter personal de tercers, es compromet a obtenir el consentiment previ dels afectats i a informar-los sobre el contingut d&#8217;aquesta pol\u00edtica.<br>\n  <br>\n <\/p><p> <\/p><p>Els camps dels nostres formularis que s\u00f3n assenyalats com a obligatoris, deuran necess\u00e0riament ser emplenats per a poder tramitar les seves sol\u00b7licituds.<br>\n  <br>\n<\/p><p> <\/p><p><strong>1. Qui \u00e9s el responsable del tractament de les seves dades?<\/strong><\/p><p>El responsable del tractament de les seves dades personals recollides en aquesta web \u00e9s:<br>\n  <br>\n<\/p><p> <\/p><p>Responsable: ARIMUNANI, S.L. (d&#8217;ara endavant el centre)<\/p><p>Direcci\u00f3 postal: Cam\u00ed Son Sales, 07141 Marratx\u00ed (Illes Balears).<\/p><p>Tel\u00e8fon: 673 966 289<\/p><p>Correu electr\u00f2nic: info@arimunani.com<\/p><p>Contacte DPD: DPD@arimunani.com<br>\n  <br>\n<\/p><p> <\/p><p><strong>2. Per a qu\u00e8 tractarem les seves dades i sobre quina base jur\u00eddica?<br>\n  <br>\n<\/strong> <\/p><p> <\/p><p><strong>Gesti\u00f3 de la relaci\u00f3 amb usuaris: <\/strong>Tractem les dades que els nostres usuaris proporcionin en les seves consultes per a atendre les seves sol\u00b7licituds.<\/p><p>Aquests tractaments s\u00f3n necessaris per a l&#8217;execuci\u00f3 de la relaci\u00f3 jur\u00eddica amb els usuaris de la web o per a l&#8217;aplicaci\u00f3 de mesures precontractuals a petici\u00f3 pr\u00f2pia.<br>\n  <br>\n<\/p><p> <\/p><p><strong>Fins estad\u00edstics i de gesti\u00f3 de qualitat:<\/strong> Amb la finalitat d&#8217;avaluar i gestionar la qualitat dels nostres serveis realitzem estad\u00edstiques a partir de les dades de navegaci\u00f3 en la web, p. ex. adre\u00e7a IP, weblogs, p\u00e0gines visitades o accions realitzades en la Web (+ info en la nostra pol\u00edtica de cookies). <\/p><p>Aquests tractaments es basen en el nostre Inter\u00e8s leg\u00edtim per a avaluar i gestionar la qualitat dels nostres serveis. Per a la ponderaci\u00f3 d&#8217;aquest inter\u00e8s respecte als seus drets i llibertats s&#8217;ha determinat que el tractament tenia un impacte limitat en la privacitat dels interessats, corresponia a expectatives raonables dels mateixos i no plantejava amenaces significatives.<br>\n  <br>\n <\/p><p> <\/p><p><strong>Administraci\u00f3 i gesti\u00f3 de la seguretat de la web:<\/strong>\u202fTractem\u202fdades de navegaci\u00f3\u202f(adreces IP o\u202flogs) per a administrar i gestionar la seguretat de la web i de les seves \u00e0rees d&#8217;acc\u00e9s restringit.<\/p><p>Aquest tractament es basa en el nostre inter\u00e8s\u202fleg\u00edtim\u202fa garantir la seguretat de la web. Aquest\u202finter\u00e8s\u202fest\u00e0 expressament reconegut pel\u202fconsiderant\u202f 49\u202fdel RGPD. Per a la ponderaci\u00f3 d&#8217;aquest inter\u00e8s respecte als seus drets i llibertats s&#8217;ha tingut en compte que\u202faquest\u202ftractament correspon\u202fa\u202fpr\u00e0ctiques de seguretat generalitzes\u202fi no planteja amenaces significatives\u202fper als interessats.<br>\n  <br>\n  <\/p><p> <\/p><p><strong>Enviament de comunicacions comercials i gesti\u00f3 de llistes de distribuci\u00f3: <\/strong>Tractem les dades identificatives i de contacte proporcionats per usuaris i visitants, per a gestionar la nostra llista de distribuci\u00f3 i enviar-los comunicacions relatives als nostres serveis, novetats i activitats del centre.<\/p><p>Aquests tractaments es basen en el nostre inter\u00e8s leg\u00edtim a promocionar els nostres serveis als nostres clients. Per a la ponderaci\u00f3 d&#8217;aquest inter\u00e8s respecte s&#8217;ha determinat que el tractament tenia un impacte limitat en la privacitat dels interessats, corresponia a expectatives raonables dels mateixos i no plantejava amenaces significatives. Aix\u00ed mateix aquest tractament tamb\u00e9 es basa en el seu consentiment per a la recepci\u00f3 d&#8217;aquestes comunicacions per mitjans electr\u00f2nics. No prestar el seu consentiment o retirar-lo no condiciona l&#8217;execuci\u00f3 de la comanda o la prestaci\u00f3 dels serveis contractats.   <\/p><p>En qualsevol moment podr\u00e0 sol\u00b7licitar la seva baixa dels tractaments amb finalitats comercials activant l&#8217;enlla\u00e7 previst a tal fi en les nostres comunicacions o enviant un email a info@arimunani.com.<br>\n  <br>\n<\/p><p> <\/p><p><strong>3. Quant temps conservarem les seves dades?<\/strong> <\/p><p>De manera general conservem les seves dades durant la vig\u00e8ncia de la relaci\u00f3 que mant\u00e9 amb nosaltres i en tot cas durant els terminis previstos en les disposicions legals aplicables i durant el temps necessari per a atendre possibles responsabilitats nascudes del tractament. Cancel\u00b7larem les seves dades quan hagin deixat de ser necessaris o pertinents per a les finalitats per a les quals van ser recaptats. Els logs d&#8217;acc\u00e9s a \u00e0rees restringides de la web es cancel\u00b7laran al mes de la seva creaci\u00f3. Es cancel\u00b7lar\u00e0 la informaci\u00f3 relacionada amb la navegaci\u00f3, una vegada finalitzada la connexi\u00f3 web i realitzades les estad\u00edstiques.   <\/p><p>Les dades tractades per a l&#8217;enviament de comunicacions informatives es conservaran vigents mentre no sol\u00b7liciti la seva supressi\u00f3.<br>\n  <br>\n<\/p><p> <\/p><p><strong>4. A qui podem comunicar les seves dades?<\/strong> <\/p><p>Les seves dades nom\u00e9s seran comunicats a tercers per obligaci\u00f3 legal, amb el seu consentiment o quan la seva petici\u00f3 impliqui tal comunicaci\u00f3.<br>\n  <br>\n<\/p><p> <\/p><p><strong>5. Quins s\u00f3n els seus drets?<\/strong> <\/p><p>T\u00e9 dret a obtenir confirmaci\u00f3 de si estem tractant o no les seves dades personals i, en tal cas, accedir a aquests. Pot igualment demanar que les seves dades siguin rectificades quan siguin inexactes o al fet que es completin les dades que siguin incomplets, aix\u00ed com sol\u00b7licitar la seva supressi\u00f3 quan, entre altres motius, les dades ja no siguin necessaris per als fins per als quals van ser recollits. <\/p><p>En determinades circumst\u00e0ncies, podr\u00e0 sol\u00b7licitar la limitaci\u00f3 del tractament de les seves dades. En tal cas, nom\u00e9s tractarem les dades afectades per a la formulaci\u00f3, l&#8217;exercici o la defensa de reclamacions o amb la intenci\u00f3 de la protecci\u00f3 dels drets d&#8217;altres persones. En determinades condicions i per motius relacionats amb la seva situaci\u00f3 particular, podr\u00e0 igualment oposar-se al tractament de les seves dades. En aquest cas, deixarem de tractar les dades excepte per motius leg\u00edtims imperiosos que prevalguin sobre els seus interessos o drets i llibertats, o per a la formulaci\u00f3, l&#8217;exercici o la defensa de reclamacions. Aix\u00ed mateix i sota unes certes condicions podr\u00e0 sol\u00b7licitar la portabilitat de les seves dades perqu\u00e8 siguin transmesos a un altre responsable del tractament.    <\/p><p>Pot revocar el consentiment que hagu\u00e9s prestat per a determinades finalitats, sense que aix\u00f2 afecti la licitud del tractament basat en el consentiment previ a la seva retirada, i presentar una reclamaci\u00f3 davant l&#8217;Ag\u00e8ncia Espanyola de Protecci\u00f3 de Dades.<\/p><p>Per a exercir els seus drets haur\u00e0 de remetre&#8217;ns una sol\u00b7licitud acompanyada d&#8217;una c\u00f2pia del seu document nacional d&#8217;identitat o un altre document v\u00e0lid que li identifiqui per correu postal o electr\u00f2nic a les adreces indicades en l&#8217;apartat Qui \u00e9s el responsable del tractament de les seves dades?.<\/p><p class=\"wp-block-heading\">Podr\u00e0 obtenir m\u00e9s informaci\u00f3 sobre els seus drets i com exercir-los en la p\u00e0gina de l&#8217;Ag\u00e8ncia Espanyola de Protecci\u00f3 de Dades en <a href=\"https:\/\/www.aepd.es\/\" target=\"_blank\" rel=\"noreferrer noopener\">https:\/\/www.aepd.es\/.<\/a><\/p>\t\t\t\t\t\t\t\t<\/div>\n\t\t\t\t<\/div>\n\t\t\t\t\t<\/div>\n\t\t\t\t<\/div>\n\t\t\t\t<\/div>\n\t\t","protected":false},"excerpt":{"rendered":"<p>Pol\u00edtica de privacitat Aquesta pol\u00edtica de privacitat s&#8217;aplica a la present web (la web, d&#8217;ara endavant). Si us plau, llegeixi-la detingudament. En ella trobar\u00e0 informaci\u00f3 important sobre el tractament de les seves dades personals i els drets que li reconeix la normativa vigent en la&#8230;<\/p>\n","protected":false},"author":1,"featured_media":0,"parent":0,"menu_order":0,"comment_status":"closed","ping_status":"open","template":"elementor_header_footer","meta":{"_acf_changed":false,"footnotes":""},"class_list":["post-4815","page","type-page","status-publish","hentry"],"acf":[],"_links":{"self":[{"href":"https:\/\/arimunani.com\/ca\/wp-json\/wp\/v2\/pages\/4815","targetHints":{"allow":["GET"]}}],"collection":[{"href":"https:\/\/arimunani.com\/ca\/wp-json\/wp\/v2\/pages"}],"about":[{"href":"https:\/\/arimunani.com\/ca\/wp-json\/wp\/v2\/types\/page"}],"author":[{"embeddable":true,"href":"https:\/\/arimunani.com\/ca\/wp-json\/wp\/v2\/users\/1"}],"replies":[{"embeddable":true,"href":"https:\/\/arimunani.com\/ca\/wp-json\/wp\/v2\/comments?post=4815"}],"version-history":[{"count":8,"href":"https:\/\/arimunani.com\/ca\/wp-json\/wp\/v2\/pages\/4815\/revisions"}],"predecessor-version":[{"id":5694,"href":"https:\/\/arimunani.com\/ca\/wp-json\/wp\/v2\/pages\/4815\/revisions\/5694"}],"wp:attachment":[{"href":"https:\/\/arimunani.com\/ca\/wp-json\/wp\/v2\/media?parent=4815"}],"curies":[{"name":"wp","href":"https:\/\/api.w.org\/{rel}","templated":true}]}}