{"id":4693,"date":"2025-05-05T19:41:21","date_gmt":"2025-05-05T19:41:21","guid":{"rendered":"https:\/\/arimunani.com\/oferta-educativa\/"},"modified":"2025-10-21T15:22:38","modified_gmt":"2025-10-21T15:22:38","slug":"oferta-educativa","status":"publish","type":"page","link":"https:\/\/arimunani.com\/ca\/oferta-educativa\/","title":{"rendered":"Oferta educativa"},"content":{"rendered":"\t\t<div data-elementor-type=\"wp-page\" data-elementor-id=\"4693\" class=\"elementor elementor-4693 elementor-2973\" data-elementor-post-type=\"page\">\n\t\t\t\t<div class=\"elementor-element elementor-element-8c4e81b e-flex e-con-boxed parallax_section_no qode_elementor_container_no e-con e-parent\" data-id=\"8c4e81b\" data-element_type=\"container\" data-settings=\"{&quot;background_background&quot;:&quot;classic&quot;}\">\n\t\t\t\t\t<div class=\"e-con-inner\">\n\t\t\t\t\t<\/div>\n\t\t\t\t<\/div>\n\t\t<div class=\"elementor-element elementor-element-c13f215 e-flex e-con-boxed parallax_section_no qode_elementor_container_no e-con e-parent\" data-id=\"c13f215\" data-element_type=\"container\" data-settings=\"{&quot;background_background&quot;:&quot;classic&quot;}\">\n\t\t\t\t\t<div class=\"e-con-inner\">\n\t\t<div class=\"elementor-element elementor-element-0bba150 e-flex e-con-boxed parallax_section_no qode_elementor_container_no e-con e-child\" data-id=\"0bba150\" data-element_type=\"container\" data-settings=\"{&quot;background_background&quot;:&quot;classic&quot;}\">\n\t\t\t\t\t<div class=\"e-con-inner\">\n\t\t<div class=\"elementor-element elementor-element-cb0eb60 e-con-full e-flex parallax_section_no qode_elementor_container_no e-con e-child\" data-id=\"cb0eb60\" data-element_type=\"container\" data-settings=\"{&quot;position&quot;:&quot;absolute&quot;}\">\n\t\t\t\t<div class=\"elementor-element elementor-element-3b948df elementor-widget elementor-widget-image\" data-id=\"3b948df\" data-element_type=\"widget\" data-widget_type=\"image.default\">\n\t\t\t\t<div class=\"elementor-widget-container\">\n\t\t\t\t\t\t\t\t\t\t\t\t\t\t\t<img fetchpriority=\"high\" decoding=\"async\" width=\"522\" height=\"156\" src=\"https:\/\/arimunani.com\/wp-content\/uploads\/2025\/03\/celo.png\" class=\"attachment-large size-large wp-image-4207\" alt=\"\" srcset=\"https:\/\/arimunani.com\/wp-content\/uploads\/2025\/03\/celo.png 522w, https:\/\/arimunani.com\/wp-content\/uploads\/2025\/03\/celo-300x90.png 300w\" sizes=\"(max-width: 522px) 100vw, 522px\" \/>\t\t\t\t\t\t\t\t\t\t\t\t\t\t\t<\/div>\n\t\t\t\t<\/div>\n\t\t\t\t<\/div>\n\t\t\t\t<div class=\"elementor-element elementor-element-e57dd62 elementor-widget elementor-widget-heading\" data-id=\"e57dd62\" data-element_type=\"widget\" data-widget_type=\"heading.default\">\n\t\t\t\t<div class=\"elementor-widget-container\">\n\t\t\t\t\t<h3 class=\"elementor-heading-title elementor-size-default\">Oferta educativa<\/h3>\t\t\t\t<\/div>\n\t\t\t\t<\/div>\n\t\t<div class=\"elementor-element elementor-element-1f5c690 e-con-full e-flex parallax_section_no qode_elementor_container_no e-con e-child\" data-id=\"1f5c690\" data-element_type=\"container\">\n\t\t\t\t<div class=\"elementor-element elementor-element-26edfc8 elementor-widget elementor-widget-heading\" data-id=\"26edfc8\" data-element_type=\"widget\" data-widget_type=\"heading.default\">\n\t\t\t\t<div class=\"elementor-widget-container\">\n\t\t\t\t\t<h2 class=\"elementor-heading-title elementor-size-default\">L'ess\u00e8ncia del colibr\u00ed<\/h2>\t\t\t\t<\/div>\n\t\t\t\t<\/div>\n\t\t\t\t<div class=\"elementor-element elementor-element-44b074f elementor-widget elementor-widget-text-editor\" data-id=\"44b074f\" data-element_type=\"widget\" data-widget_type=\"text-editor.default\">\n\t\t\t\t<div class=\"elementor-widget-container\">\n\t\t\t\t\t\t\t\t\t<p>El colibr\u00ed \u00e9s un dels ocells m\u00e9s petits i fascinants del planeta. De plomatge acolorit i brillant, cos menut i bec llarg i fi, \u00e9s conegut <strong>per la seva incre\u00efble habilitat per al vol<\/strong>. A difer\u00e8ncia de la resta d&#8217;ocells, el colibr\u00ed pot volar cap endavant, cap enrere i cap als costats. Pot volar en diagonal i romandre susp\u00e8s en l&#8217;aire. El seu <strong>cor<\/strong> batega fins a 1200 vegades per minut, i pot batre les seves ales entre 50 i 80 vegades per segon, la qual cosa li permet surar en l&#8217;aire i <strong>observar el m\u00f3n des de l&#8217;enfocament que ell decideixi<\/strong>. Aquesta \u00e9s, sens dubte, una de les seves majors fortaleses. A m\u00e9s, els colibr\u00eds tenen una gran capacitat de resist\u00e8ncia i <strong>adaptaci\u00f3<\/strong>. Poden sobreviure en diferents h\u00e0bitats, des de boscos tropicals fins a \u00e0rees muntanyenques i tenen una gran mem\u00f2ria espacial, que els permet recordar la ubicaci\u00f3 de flors i fonts d&#8217;aliment, aix\u00ed com les seves rutes migrat\u00f2ries. Exerceixen un paper crucial en els nostres ecosistemes i s\u00f3n indispensables per a generar vida al seu voltant.<br><br>        <\/p><p> <\/p><p>El colibr\u00ed ens inspira. Nosaltres veiem en cadascun dels nostres nens i nenes un petit colibr\u00ed, amb tota la seva bellesa i color, amb tot el seu potencial i la seva ess\u00e8ncia \u00fanica. Ens meravella el seu petit bec, que es desenvolupar\u00e0 davant nosaltres per a ser llarg i agut, la qual cosa els permetr\u00e0 arribar al n\u00e8ctar m\u00e9s dol\u00e7 i inassolible de cada flor. Volem acompanyar-los en el seu trajecte cap a l&#8217;esperat vol, l&#8217;\u00fanic de 360 graus i el m\u00e9s espectacular de tot el m\u00f3n animal.   <\/p>\t\t\t\t\t\t\t\t<\/div>\n\t\t\t\t<\/div>\n\t\t\t\t<\/div>\n\t\t\t\t\t<\/div>\n\t\t\t\t<\/div>\n\t\t\t\t\t<\/div>\n\t\t\t\t<\/div>\n\t\t<div class=\"elementor-element elementor-element-97e196c e-grid e-con-full parallax_section_no qode_elementor_container_no e-con e-parent\" data-id=\"97e196c\" data-element_type=\"container\" data-settings=\"{&quot;background_background&quot;:&quot;classic&quot;}\">\n\t\t<a class=\"elementor-element elementor-element-4b12db2 e-transform e-flex e-con-boxed parallax_section_no qode_elementor_container_no e-con e-child\" data-id=\"4b12db2\" data-element_type=\"container\" data-settings=\"{&quot;background_background&quot;:&quot;classic&quot;,&quot;_transform_scale_effect_hover&quot;:{&quot;unit&quot;:&quot;px&quot;,&quot;size&quot;:1.05,&quot;sizes&quot;:[]},&quot;_transform_scale_effect_hover_tablet&quot;:{&quot;unit&quot;:&quot;px&quot;,&quot;size&quot;:&quot;&quot;,&quot;sizes&quot;:[]},&quot;_transform_scale_effect_hover_mobile&quot;:{&quot;unit&quot;:&quot;px&quot;,&quot;size&quot;:&quot;&quot;,&quot;sizes&quot;:[]}}\" href=\"https:\/\/arimunani.com\/educacion-infantil\/\">\n\t\t\t\t\t<div class=\"e-con-inner\">\n\t\t\t\t<div class=\"elementor-element elementor-element-b87036c elementor-widget elementor-widget-heading\" data-id=\"b87036c\" data-element_type=\"widget\" data-widget_type=\"heading.default\">\n\t\t\t\t<div class=\"elementor-widget-container\">\n\t\t\t\t\t<h2 class=\"elementor-heading-title elementor-size-default\">El niu<\/h2>\t\t\t\t<\/div>\n\t\t\t\t<\/div>\n\t\t\t\t<div class=\"elementor-element elementor-element-365d138 elementor-widget elementor-widget-image\" data-id=\"365d138\" data-element_type=\"widget\" data-widget_type=\"image.default\">\n\t\t\t\t<div class=\"elementor-widget-container\">\n\t\t\t\t\t\t\t\t\t\t\t\t\t\t\t<img decoding=\"async\" width=\"254\" height=\"229\" src=\"https:\/\/arimunani.com\/wp-content\/uploads\/2025\/03\/etapa1.png\" class=\"attachment-large size-large wp-image-4181\" alt=\"\" \/>\t\t\t\t\t\t\t\t\t\t\t\t\t\t\t<\/div>\n\t\t\t\t<\/div>\n\t\t<div class=\"elementor-element elementor-element-ccdac48 e-con-full e-flex parallax_section_no qode_elementor_container_no e-con e-child\" data-id=\"ccdac48\" data-element_type=\"container\">\n\t\t\t\t<div class=\"elementor-element elementor-element-f7478c1 elementor-widget elementor-widget-heading\" data-id=\"f7478c1\" data-element_type=\"widget\" data-widget_type=\"heading.default\">\n\t\t\t\t<div class=\"elementor-widget-container\">\n\t\t\t\t\t<h2 class=\"elementor-heading-title elementor-size-default\">INFANTIL<\/h2>\t\t\t\t<\/div>\n\t\t\t\t<\/div>\n\t\t\t\t<div class=\"elementor-element elementor-element-b2843f1 elementor-widget elementor-widget-heading\" data-id=\"b2843f1\" data-element_type=\"widget\" data-widget_type=\"heading.default\">\n\t\t\t\t<div class=\"elementor-widget-container\">\n\t\t\t\t\t<h2 class=\"elementor-heading-title elementor-size-default\">3-5 anys<\/h2>\t\t\t\t<\/div>\n\t\t\t\t<\/div>\n\t\t\t\t<\/div>\n\t\t\t\t\t<\/div>\n\t\t\t\t<\/a>\n\t\t<a class=\"elementor-element elementor-element-c0092b0 e-transform e-flex e-con-boxed parallax_section_no qode_elementor_container_no e-con e-child\" data-id=\"c0092b0\" data-element_type=\"container\" data-settings=\"{&quot;background_background&quot;:&quot;classic&quot;,&quot;_transform_scale_effect_hover&quot;:{&quot;unit&quot;:&quot;px&quot;,&quot;size&quot;:1.05,&quot;sizes&quot;:[]},&quot;_transform_scale_effect_hover_tablet&quot;:{&quot;unit&quot;:&quot;px&quot;,&quot;size&quot;:&quot;&quot;,&quot;sizes&quot;:[]},&quot;_transform_scale_effect_hover_mobile&quot;:{&quot;unit&quot;:&quot;px&quot;,&quot;size&quot;:&quot;&quot;,&quot;sizes&quot;:[]}}\" href=\"https:\/\/arimunani.com\/ca\/educacio-primaria\/\">\n\t\t\t\t\t<div class=\"e-con-inner\">\n\t\t\t\t<div class=\"elementor-element elementor-element-cbf2037 elementor-widget elementor-widget-heading\" data-id=\"cbf2037\" data-element_type=\"widget\" data-widget_type=\"heading.default\">\n\t\t\t\t<div class=\"elementor-widget-container\">\n\t\t\t\t\t<h2 class=\"elementor-heading-title elementor-size-default\">Les cries<\/h2>\t\t\t\t<\/div>\n\t\t\t\t<\/div>\n\t\t\t\t<div class=\"elementor-element elementor-element-4ebb948 elementor-widget elementor-widget-image\" data-id=\"4ebb948\" data-element_type=\"widget\" data-widget_type=\"image.default\">\n\t\t\t\t<div class=\"elementor-widget-container\">\n\t\t\t\t\t\t\t\t\t\t\t\t\t\t\t<img decoding=\"async\" width=\"256\" height=\"252\" src=\"https:\/\/arimunani.com\/wp-content\/uploads\/2025\/03\/etapa2.png\" class=\"attachment-large size-large wp-image-4183\" alt=\"\" \/>\t\t\t\t\t\t\t\t\t\t\t\t\t\t\t<\/div>\n\t\t\t\t<\/div>\n\t\t<div class=\"elementor-element elementor-element-1db7633 e-con-full e-flex parallax_section_no qode_elementor_container_no e-con e-child\" data-id=\"1db7633\" data-element_type=\"container\">\n\t\t\t\t<div class=\"elementor-element elementor-element-93d4338 elementor-widget elementor-widget-heading\" data-id=\"93d4338\" data-element_type=\"widget\" data-widget_type=\"heading.default\">\n\t\t\t\t<div class=\"elementor-widget-container\">\n\t\t\t\t\t<h2 class=\"elementor-heading-title elementor-size-default\">PRIM\u00c0RIA<\/h2>\t\t\t\t<\/div>\n\t\t\t\t<\/div>\n\t\t\t\t<div class=\"elementor-element elementor-element-2028a35 elementor-widget elementor-widget-heading\" data-id=\"2028a35\" data-element_type=\"widget\" data-widget_type=\"heading.default\">\n\t\t\t\t<div class=\"elementor-widget-container\">\n\t\t\t\t\t<h2 class=\"elementor-heading-title elementor-size-default\">6-11 anys<\/h2>\t\t\t\t<\/div>\n\t\t\t\t<\/div>\n\t\t\t\t<\/div>\n\t\t\t\t\t<\/div>\n\t\t\t\t<\/a>\n\t\t<a class=\"elementor-element elementor-element-dba54ed e-transform e-flex e-con-boxed parallax_section_no qode_elementor_container_no e-con e-child\" data-id=\"dba54ed\" data-element_type=\"container\" data-settings=\"{&quot;background_background&quot;:&quot;classic&quot;,&quot;_transform_scale_effect_hover&quot;:{&quot;unit&quot;:&quot;px&quot;,&quot;size&quot;:1.05,&quot;sizes&quot;:[]},&quot;_transform_scale_effect_hover_tablet&quot;:{&quot;unit&quot;:&quot;px&quot;,&quot;size&quot;:&quot;&quot;,&quot;sizes&quot;:[]},&quot;_transform_scale_effect_hover_mobile&quot;:{&quot;unit&quot;:&quot;px&quot;,&quot;size&quot;:&quot;&quot;,&quot;sizes&quot;:[]}}\" href=\"https:\/\/arimunani.com\/ca\/educacio-secundaria\/\">\n\t\t\t\t\t<div class=\"e-con-inner\">\n\t\t\t\t<div class=\"elementor-element elementor-element-290a55a elementor-widget elementor-widget-heading\" data-id=\"290a55a\" data-element_type=\"widget\" data-widget_type=\"heading.default\">\n\t\t\t\t<div class=\"elementor-widget-container\">\n\t\t\t\t\t<h2 class=\"elementor-heading-title elementor-size-default\">Les plomes<br> de colors<\/h2>\t\t\t\t<\/div>\n\t\t\t\t<\/div>\n\t\t\t\t<div class=\"elementor-element elementor-element-a44060a elementor-widget elementor-widget-image\" data-id=\"a44060a\" data-element_type=\"widget\" data-widget_type=\"image.default\">\n\t\t\t\t<div class=\"elementor-widget-container\">\n\t\t\t\t\t\t\t\t\t\t\t\t\t\t\t<img loading=\"lazy\" decoding=\"async\" width=\"277\" height=\"173\" src=\"https:\/\/arimunani.com\/wp-content\/uploads\/2025\/03\/etapa3.png\" class=\"attachment-large size-large wp-image-4185\" alt=\"\" \/>\t\t\t\t\t\t\t\t\t\t\t\t\t\t\t<\/div>\n\t\t\t\t<\/div>\n\t\t<div class=\"elementor-element elementor-element-74acd9f e-con-full e-flex parallax_section_no qode_elementor_container_no e-con e-child\" data-id=\"74acd9f\" data-element_type=\"container\">\n\t\t\t\t<div class=\"elementor-element elementor-element-0635efa elementor-widget elementor-widget-heading\" data-id=\"0635efa\" data-element_type=\"widget\" data-widget_type=\"heading.default\">\n\t\t\t\t<div class=\"elementor-widget-container\">\n\t\t\t\t\t<h2 class=\"elementor-heading-title elementor-size-default\">SECUND\u00c0RIA<\/h2>\t\t\t\t<\/div>\n\t\t\t\t<\/div>\n\t\t\t\t<div class=\"elementor-element elementor-element-18a862d elementor-widget elementor-widget-heading\" data-id=\"18a862d\" data-element_type=\"widget\" data-widget_type=\"heading.default\">\n\t\t\t\t<div class=\"elementor-widget-container\">\n\t\t\t\t\t<h2 class=\"elementor-heading-title elementor-size-default\">12-15 anys<\/h2>\t\t\t\t<\/div>\n\t\t\t\t<\/div>\n\t\t\t\t<\/div>\n\t\t\t\t\t<\/div>\n\t\t\t\t<\/a>\n\t\t<a class=\"elementor-element elementor-element-a3c8517 e-transform e-flex e-con-boxed parallax_section_no qode_elementor_container_no e-con e-child\" data-id=\"a3c8517\" data-element_type=\"container\" data-settings=\"{&quot;background_background&quot;:&quot;classic&quot;,&quot;_transform_scale_effect_hover&quot;:{&quot;unit&quot;:&quot;px&quot;,&quot;size&quot;:1.05,&quot;sizes&quot;:[]},&quot;_transform_scale_effect_hover_tablet&quot;:{&quot;unit&quot;:&quot;px&quot;,&quot;size&quot;:&quot;&quot;,&quot;sizes&quot;:[]},&quot;_transform_scale_effect_hover_mobile&quot;:{&quot;unit&quot;:&quot;px&quot;,&quot;size&quot;:&quot;&quot;,&quot;sizes&quot;:[]}}\" href=\"https:\/\/arimunani.com\/ca\/batxillerat\/\">\n\t\t\t\t\t<div class=\"e-con-inner\">\n\t\t\t\t<div class=\"elementor-element elementor-element-3001171 elementor-widget elementor-widget-heading\" data-id=\"3001171\" data-element_type=\"widget\" data-widget_type=\"heading.default\">\n\t\t\t\t<div class=\"elementor-widget-container\">\n\t\t\t\t\t<h2 class=\"elementor-heading-title elementor-size-default\">El vol<\/h2>\t\t\t\t<\/div>\n\t\t\t\t<\/div>\n\t\t\t\t<div class=\"elementor-element elementor-element-88a7663 elementor-widget elementor-widget-image\" data-id=\"88a7663\" data-element_type=\"widget\" data-widget_type=\"image.default\">\n\t\t\t\t<div class=\"elementor-widget-container\">\n\t\t\t\t\t\t\t\t\t\t\t\t\t\t\t<img loading=\"lazy\" decoding=\"async\" width=\"332\" height=\"320\" src=\"https:\/\/arimunani.com\/wp-content\/uploads\/2025\/03\/etapa4.png\" class=\"attachment-large size-large wp-image-4187\" alt=\"\" srcset=\"https:\/\/arimunani.com\/wp-content\/uploads\/2025\/03\/etapa4.png 332w, https:\/\/arimunani.com\/wp-content\/uploads\/2025\/03\/etapa4-300x289.png 300w\" sizes=\"(max-width: 332px) 100vw, 332px\" \/>\t\t\t\t\t\t\t\t\t\t\t\t\t\t\t<\/div>\n\t\t\t\t<\/div>\n\t\t<div class=\"elementor-element elementor-element-1e0f054 e-con-full e-flex parallax_section_no qode_elementor_container_no e-con e-child\" data-id=\"1e0f054\" data-element_type=\"container\">\n\t\t\t\t<div class=\"elementor-element elementor-element-027bc32 elementor-widget elementor-widget-heading\" data-id=\"027bc32\" data-element_type=\"widget\" data-widget_type=\"heading.default\">\n\t\t\t\t<div class=\"elementor-widget-container\">\n\t\t\t\t\t<h2 class=\"elementor-heading-title elementor-size-default\">BATXILLERAT<\/h2>\t\t\t\t<\/div>\n\t\t\t\t<\/div>\n\t\t\t\t<div class=\"elementor-element elementor-element-4ee4e4a elementor-widget elementor-widget-heading\" data-id=\"4ee4e4a\" data-element_type=\"widget\" data-widget_type=\"heading.default\">\n\t\t\t\t<div class=\"elementor-widget-container\">\n\t\t\t\t\t<h2 class=\"elementor-heading-title elementor-size-default\">16-17 anys<\/h2>\t\t\t\t<\/div>\n\t\t\t\t<\/div>\n\t\t\t\t<\/div>\n\t\t\t\t\t<\/div>\n\t\t\t\t<\/a>\n\t\t\t\t<\/div>\n\t\t<div class=\"elementor-element elementor-element-2161418 e-con-full e-flex parallax_section_no qode_elementor_container_no e-con e-parent\" data-id=\"2161418\" data-element_type=\"container\" data-settings=\"{&quot;background_background&quot;:&quot;classic&quot;}\">\n\t\t\t\t<\/div>\n\t\t<div class=\"elementor-element elementor-element-63255f5 e-con-full e-flex parallax_section_no qode_elementor_container_no e-con e-parent\" data-id=\"63255f5\" data-element_type=\"container\">\n\t\t\t\t<div class=\"elementor-element elementor-element-aac2ba5 elementor-align-right elementor-fixed elementor-widget elementor-widget-button\" data-id=\"aac2ba5\" data-element_type=\"widget\" data-settings=\"{&quot;_position&quot;:&quot;fixed&quot;}\" data-widget_type=\"button.default\">\n\t\t\t\t<div class=\"elementor-widget-container\">\n\t\t\t\t\t\t\t\t\t<div class=\"elementor-button-wrapper\">\n\t\t\t\t\t<a class=\"elementor-button elementor-button-link elementor-size-sm\" href=\"https:\/\/arimunani.com\/ca\/want-to-know-more-about-us\/\">\n\t\t\t\t\t\t<span class=\"elementor-button-content-wrapper\">\n\t\t\t\t\t\t\t\t\t<span class=\"elementor-button-text\">Volem concertar una cita<\/span>\n\t\t\t\t\t<\/span>\n\t\t\t\t\t<\/a>\n\t\t\t\t<\/div>\n\t\t\t\t\t\t\t\t<\/div>\n\t\t\t\t<\/div>\n\t\t\t\t<\/div>\n\t\t\t\t<\/div>\n\t\t","protected":false},"excerpt":{"rendered":"<p>Oferta educativa L&#8217;ess\u00e8ncia del colibr\u00ed El colibr\u00ed \u00e9s un dels ocells m\u00e9s petits i fascinants del planeta. De plomatge acolorit i brillant, cos menut i bec llarg i fi, \u00e9s conegut per la seva incre\u00efble habilitat per al vol. A difer\u00e8ncia de la resta d&#8217;ocells,&#8230;<\/p>\n","protected":false},"author":1,"featured_media":0,"parent":0,"menu_order":0,"comment_status":"closed","ping_status":"closed","template":"elementor_header_footer","meta":{"_acf_changed":false,"footnotes":""},"class_list":["post-4693","page","type-page","status-publish","hentry"],"acf":[],"_links":{"self":[{"href":"https:\/\/arimunani.com\/ca\/wp-json\/wp\/v2\/pages\/4693","targetHints":{"allow":["GET"]}}],"collection":[{"href":"https:\/\/arimunani.com\/ca\/wp-json\/wp\/v2\/pages"}],"about":[{"href":"https:\/\/arimunani.com\/ca\/wp-json\/wp\/v2\/types\/page"}],"author":[{"embeddable":true,"href":"https:\/\/arimunani.com\/ca\/wp-json\/wp\/v2\/users\/1"}],"replies":[{"embeddable":true,"href":"https:\/\/arimunani.com\/ca\/wp-json\/wp\/v2\/comments?post=4693"}],"version-history":[{"count":5,"href":"https:\/\/arimunani.com\/ca\/wp-json\/wp\/v2\/pages\/4693\/revisions"}],"predecessor-version":[{"id":5760,"href":"https:\/\/arimunani.com\/ca\/wp-json\/wp\/v2\/pages\/4693\/revisions\/5760"}],"wp:attachment":[{"href":"https:\/\/arimunani.com\/ca\/wp-json\/wp\/v2\/media?parent=4693"}],"curies":[{"name":"wp","href":"https:\/\/api.w.org\/{rel}","templated":true}]}}