{"id":4681,"date":"2025-04-11T07:25:04","date_gmt":"2025-04-11T07:25:04","guid":{"rendered":"https:\/\/arimunani.com\/per-a-que\/"},"modified":"2025-10-21T15:23:20","modified_gmt":"2025-10-21T15:23:20","slug":"per-a-que","status":"publish","type":"page","link":"https:\/\/arimunani.com\/ca\/per-a-que\/","title":{"rendered":"Per a qu\u00e8"},"content":{"rendered":"\t\t<div data-elementor-type=\"wp-page\" data-elementor-id=\"4681\" class=\"elementor elementor-4681 elementor-2322\" data-elementor-post-type=\"page\">\n\t\t\t\t<div class=\"elementor-element elementor-element-8c4e81b e-flex e-con-boxed parallax_section_no qode_elementor_container_no e-con e-parent\" data-id=\"8c4e81b\" data-element_type=\"container\" data-settings=\"{&quot;background_background&quot;:&quot;classic&quot;}\">\n\t\t\t\t\t<div class=\"e-con-inner\">\n\t\t\t\t\t<\/div>\n\t\t\t\t<\/div>\n\t\t<div class=\"elementor-element elementor-element-d3117d2 e-grid e-con-boxed parallax_section_no qode_elementor_container_no e-con e-parent\" data-id=\"d3117d2\" data-element_type=\"container\" data-settings=\"{&quot;background_background&quot;:&quot;classic&quot;}\">\n\t\t\t\t\t<div class=\"e-con-inner\">\n\t\t<div class=\"elementor-element elementor-element-f195112 e-flex e-con-boxed parallax_section_no qode_elementor_container_no e-con e-child\" data-id=\"f195112\" data-element_type=\"container\">\n\t\t\t\t\t<div class=\"e-con-inner\">\n\t\t\t\t<div class=\"elementor-element elementor-element-2eb9330 elementor-widget elementor-widget-heading\" data-id=\"2eb9330\" data-element_type=\"widget\" data-widget_type=\"heading.default\">\n\t\t\t\t<div class=\"elementor-widget-container\">\n\t\t\t\t\t<h2 class=\"elementor-heading-title elementor-size-default\">Per a qu\u00e8<\/h2>\t\t\t\t<\/div>\n\t\t\t\t<\/div>\n\t\t\t\t<div class=\"elementor-element elementor-element-2f9e56c elementor-widget elementor-widget-text-editor\" data-id=\"2f9e56c\" data-element_type=\"widget\" data-widget_type=\"text-editor.default\">\n\t\t\t\t<div class=\"elementor-widget-container\">\n\t\t\t\t\t\t\t\t\t<p><span style=\"font-weight: 400;\">Aturar i preguntar-nos de deb\u00f2 per qu\u00e8 volem obrir una escola. Fins a on podem arribar amb una cosa tan valuosa com all\u00f2 que tenim entre mans; l&#8217;educaci\u00f3 d&#8217;un nen o nena.<br><br> <\/span><\/p><p> <\/p><p><span style=\"font-weight: 400;\">Creiem de manera ferma que el<\/span> <strong>canvi<\/strong> que la societat necessita <span style=\"font-weight: 400;\">cap a l&#8217;<strong>empatia<\/strong> , l&#8217;<strong>ecologia<\/strong> , el <strong>lideratge<\/strong> i la <strong>conviv\u00e8ncia<\/strong> neix de l&#8217;<\/span>educaci\u00f3 <span style=\"font-weight: 400;\">en el sentit m\u00e9s ampli.<br><br><\/span><\/p><p> <\/p><p><span style=\"font-weight: 400;\">Aspirem que els nostres nens, nenes i adolescents estiguin <strong>preparats per a la vida<\/strong> , i no nom\u00e9s perqu\u00e8 han <strong>compr\u00e8s i integrat<\/strong> tots els conceptes curriculars amb qu\u00e8 hem treballat tots aquests anys, sin\u00f3 perqu\u00e8 compten amb les eines necess\u00e0ries per ser <strong>creatius<\/strong> , <strong>anal\u00edtics<\/strong> , <strong>emp\u00e0tics<\/strong> , <strong>lliures<\/strong> , <strong>resolutius,<\/strong> <strong>efica\u00e7os i capa\u00e7os de gestionar les seves emocions.<br><br><\/strong><\/span><\/p><p> <\/p><p><span style=\"font-weight: 400;\"> Treballem perqu\u00e8 <strong>siguin persones segures, amb consci\u00e8ncia ambiental, amb capacitat d&#8217;expressar-se, d&#8217;escollir, d&#8217;enfocar-se cap a all\u00f2 que desitgen<\/strong> . Ells i elles seran les persones que la gent voldr\u00e0 tenir a prop personalment i professionalment i, el m\u00e9s important, treballarem per contribuir que <strong>es coneguin a si mateixos, amb els seus talents i limitacions, que s\u00e0piguen el que volen, el que els agrada<\/strong> .  <span style=\"text-decoration: line-through;\"><br><br><\/span><\/span><\/p>\t\t\t\t\t\t\t\t<\/div>\n\t\t\t\t<\/div>\n\t\t\t\t<div class=\"elementor-element elementor-element-425cabd elementor-hidden-desktop elementor-hidden-tablet elementor-hidden-mobile elementor-widget elementor-widget-video\" data-id=\"425cabd\" data-element_type=\"widget\" data-settings=\"{&quot;video_type&quot;:&quot;hosted&quot;,&quot;controls&quot;:&quot;yes&quot;}\" data-widget_type=\"video.default\">\n\t\t\t\t<div class=\"elementor-widget-container\">\n\t\t\t\t\t\t\t<div class=\"e-hosted-video elementor-wrapper elementor-open-inline\">\n\t\t\t\t\t<video class=\"elementor-video\" src=\"https:\/\/arimunani.com\/wp-content\/uploads\/2024\/11\/istockphoto-1399866067-640_adpp_is.mp4\" controls=\"\" preload=\"metadata\" controlsList=\"nodownload\"><\/video>\n\t\t\t\t<\/div>\n\t\t\t\t\t\t<\/div>\n\t\t\t\t<\/div>\n\t\t\t\t\t<\/div>\n\t\t\t\t<\/div>\n\t\t<div class=\"elementor-element elementor-element-5061a32 e-flex e-con-boxed parallax_section_no qode_elementor_container_no e-con e-child\" data-id=\"5061a32\" data-element_type=\"container\" data-settings=\"{&quot;background_background&quot;:&quot;classic&quot;}\">\n\t\t\t\t\t<div class=\"e-con-inner\">\n\t\t\t\t<div class=\"elementor-element elementor-element-8e379be elementor-widget elementor-widget-heading\" data-id=\"8e379be\" data-element_type=\"widget\" data-widget_type=\"heading.default\">\n\t\t\t\t<div class=\"elementor-widget-container\">\n\t\t\t\t\t<h2 class=\"elementor-heading-title elementor-size-default\">ET POT INTERESSAR<\/h2>\t\t\t\t<\/div>\n\t\t\t\t<\/div>\n\t\t\t\t<div class=\"elementor-element elementor-element-e7c8927 elementor-widget elementor-widget-video\" data-id=\"e7c8927\" data-element_type=\"widget\" data-settings=\"{&quot;youtube_url&quot;:&quot;https:\\\/\\\/www.youtube.com\\\/watch?v=-gDrLa_drys&amp;t=5s&amp;ab_channel=EscolaArimunani&quot;,&quot;video_type&quot;:&quot;youtube&quot;,&quot;controls&quot;:&quot;yes&quot;}\" data-widget_type=\"video.default\">\n\t\t\t\t<div class=\"elementor-widget-container\">\n\t\t\t\t\t\t\t<div class=\"elementor-wrapper elementor-open-inline\">\n\t\t\t<div class=\"elementor-video\"><\/div>\t\t<\/div>\n\t\t\t\t\t\t<\/div>\n\t\t\t\t<\/div>\n\t\t<div class=\"elementor-element elementor-element-bac6fda e-con-full e-flex parallax_section_no qode_elementor_container_no e-con e-child\" data-id=\"bac6fda\" data-element_type=\"container\" data-settings=\"{&quot;position&quot;:&quot;absolute&quot;}\">\n\t\t\t\t<div class=\"elementor-element elementor-element-1d00988 elementor-widget elementor-widget-image\" data-id=\"1d00988\" data-element_type=\"widget\" data-widget_type=\"image.default\">\n\t\t\t\t<div class=\"elementor-widget-container\">\n\t\t\t\t\t\t\t\t\t\t\t\t\t\t\t<img fetchpriority=\"high\" decoding=\"async\" width=\"522\" height=\"156\" src=\"https:\/\/arimunani.com\/wp-content\/uploads\/2025\/03\/celo.png\" class=\"attachment-large size-large wp-image-4207\" alt=\"\" srcset=\"https:\/\/arimunani.com\/wp-content\/uploads\/2025\/03\/celo.png 522w, https:\/\/arimunani.com\/wp-content\/uploads\/2025\/03\/celo-300x90.png 300w\" sizes=\"(max-width: 522px) 100vw, 522px\" \/>\t\t\t\t\t\t\t\t\t\t\t\t\t\t\t<\/div>\n\t\t\t\t<\/div>\n\t\t\t\t<\/div>\n\t\t\t\t\t<\/div>\n\t\t\t\t<\/div>\n\t\t\t\t\t<\/div>\n\t\t\t\t<\/div>\n\t\t<div class=\"elementor-element elementor-element-07a6249 e-con-full e-flex parallax_section_no qode_elementor_container_no e-con e-parent\" data-id=\"07a6249\" data-element_type=\"container\">\n\t\t\t\t<div class=\"elementor-element elementor-element-4fdb092 elementor-align-right elementor-fixed elementor-widget elementor-widget-button\" data-id=\"4fdb092\" data-element_type=\"widget\" data-settings=\"{&quot;_position&quot;:&quot;fixed&quot;}\" data-widget_type=\"button.default\">\n\t\t\t\t<div class=\"elementor-widget-container\">\n\t\t\t\t\t\t\t\t\t<div class=\"elementor-button-wrapper\">\n\t\t\t\t\t<a class=\"elementor-button elementor-button-link elementor-size-sm\" href=\"https:\/\/arimunani.com\/ca\/want-to-know-more-about-us\/\">\n\t\t\t\t\t\t<span class=\"elementor-button-content-wrapper\">\n\t\t\t\t\t\t\t\t\t<span class=\"elementor-button-text\">Volem concertar una cita<\/span>\n\t\t\t\t\t<\/span>\n\t\t\t\t\t<\/a>\n\t\t\t\t<\/div>\n\t\t\t\t\t\t\t\t<\/div>\n\t\t\t\t<\/div>\n\t\t\t\t<\/div>\n\t\t\t\t<\/div>\n\t\t","protected":false},"excerpt":{"rendered":"<p>Per a qu\u00e8 Aturar i preguntar-nos de deb\u00f2 per qu\u00e8 volem obrir una escola. Fins a on podem arribar amb una cosa tan valuosa com all\u00f2 que tenim entre mans; l&#8217;educaci\u00f3 d&#8217;un nen o nena. Creiem de manera ferma que el canvi que la societat&#8230;<\/p>\n","protected":false},"author":1,"featured_media":0,"parent":0,"menu_order":0,"comment_status":"closed","ping_status":"closed","template":"elementor_header_footer","meta":{"_acf_changed":false,"footnotes":""},"class_list":["post-4681","page","type-page","status-publish","hentry"],"acf":[],"_links":{"self":[{"href":"https:\/\/arimunani.com\/ca\/wp-json\/wp\/v2\/pages\/4681","targetHints":{"allow":["GET"]}}],"collection":[{"href":"https:\/\/arimunani.com\/ca\/wp-json\/wp\/v2\/pages"}],"about":[{"href":"https:\/\/arimunani.com\/ca\/wp-json\/wp\/v2\/types\/page"}],"author":[{"embeddable":true,"href":"https:\/\/arimunani.com\/ca\/wp-json\/wp\/v2\/users\/1"}],"replies":[{"embeddable":true,"href":"https:\/\/arimunani.com\/ca\/wp-json\/wp\/v2\/comments?post=4681"}],"version-history":[{"count":10,"href":"https:\/\/arimunani.com\/ca\/wp-json\/wp\/v2\/pages\/4681\/revisions"}],"predecessor-version":[{"id":5761,"href":"https:\/\/arimunani.com\/ca\/wp-json\/wp\/v2\/pages\/4681\/revisions\/5761"}],"wp:attachment":[{"href":"https:\/\/arimunani.com\/ca\/wp-json\/wp\/v2\/media?parent=4681"}],"curies":[{"name":"wp","href":"https:\/\/api.w.org\/{rel}","templated":true}]}}